{"id":270,"date":"2021-07-12T19:17:25","date_gmt":"2021-07-12T16:17:25","guid":{"rendered":"http:\/\/tansel.av.tr\/cookie-policy\/"},"modified":"2021-10-27T11:01:30","modified_gmt":"2021-10-27T08:01:30","slug":"cerez-politikasi","status":"publish","type":"page","link":"https:\/\/tansel.av.tr\/tr\/cerez-politikasi\/","title":{"rendered":"\u00c7erez Politikas\u0131"},"content":{"rendered":"\n<p>\u00c7erez nedir?<\/p>\n\n\n\n<p>Ziyaret etti\u011finiz internet siteleri, bilgisayar\u0131n\u0131za veya telefonunuza k\u00fc\u00e7\u00fck veri dosyalar\u0131 kaydedip, bu sayede daha sonra ayn\u0131 siteyi ziyaret etti\u011finizde bilgisayar\u0131n\u0131z\u0131 veya telefonunuzu tan\u0131yabilir ve ilgili internet sitesindeki ge\u00e7mi\u015f hareketleriniz hakk\u0131nda bilgi sahibi olabilirler. Bu dosyalara \u201c\u00e7erez\u201d (cookie) veya tan\u0131mlama bilgisi denir.&nbsp;<\/p>\n\n\n\n<p>\u00c7erez Kullan\u0131m\u0131<\/p>\n\n\n\n<p>\u0130nternet sitemizden en verimli \u015fekilde faydalanabilmeniz ve kullan\u0131c\u0131 deneyiminizi geli\u015ftirebilmek i\u00e7in \u00e7erez kullan\u0131yoruz. Ayr\u0131ca, sitemizde Google Analytics ziyaret\u00e7i takip sistemi kullan\u0131lmaktad\u0131r. Google Analytics gizlilik politikas\u0131 hakk\u0131nda daha detayl\u0131 bilgi i\u00e7in: <a href=\"https:\/\/policies.google.com\/privacy?hl=tr\">https:\/\/policies.google.com\/privacy?hl=tr<\/a><\/p>\n\n\n\n<p>Taray\u0131c\u0131n\u0131z\u0131n ayarlar\u0131n\u0131 de\u011fi\u015ftirerek, \u00e7erezleri her zaman engelleyebilir ya da daha \u00f6nce taray\u0131c\u0131n\u0131za kaydedilmi\u015f \u00e7erezleri silebilirsiniz. Ancak bunun internet sitemizdeki ziyaretinizi s\u0131n\u0131rland\u0131rabilece\u011fini belirtmek isteriz.&nbsp;<\/p>\n\n\n\n<p>\u0130nternet sitemizde ba\u011flant\u0131s\u0131 payla\u015f\u0131lan di\u011fer internet sitelerinin (Linkedin, YouTube, Spotify vb.) taraf\u0131n\u0131zca ziyaret edilmesi halinde s\u00f6z konusu internet siteleri taraf\u0131ndan kullan\u0131lan \u00e7erezler hakk\u0131nda bir sorumlulu\u011fumuz bulunmamaktad\u0131r.<\/p>\n","protected":false},"excerpt":{"rendered":"<p>\u00c7erez nedir? Ziyaret etti\u011finiz internet siteleri, bilgisayar\u0131n\u0131za veya telefonunuza k\u00fc\u00e7\u00fck veri dosyalar\u0131 kaydedip, bu sayede daha sonra ayn\u0131 siteyi ziyaret etti\u011finizde bilgisayar\u0131n\u0131z\u0131 veya telefonunuzu tan\u0131yabilir ve ilgili internet sitesindeki ge\u00e7mi\u015f hareketleriniz hakk\u0131nda bilgi sahibi olabilirler. Bu dosyalara \u201c\u00e7erez\u201d (cookie) veya tan\u0131mlama bilgisi denir.&nbsp; \u00c7erez Kullan\u0131m\u0131 \u0130nternet sitemizden en verimli \u015fekilde faydalanabilmeniz ve kullan\u0131c\u0131 deneyiminizi geli\u015ftirebilmek i\u00e7in \u00e7erez kullan\u0131yoruz. Ayr\u0131ca, sitemizde Google Analytics ziyaret\u00e7i takip sistemi kullan\u0131lmaktad\u0131r. Google Analytics gizlilik politikas\u0131 hakk\u0131nda daha detayl\u0131 bilgi i\u00e7in: https:\/\/policies.google.com\/privacy?hl=tr Taray\u0131c\u0131n\u0131z\u0131n ayarlar\u0131n\u0131 de\u011fi\u015ftirerek, \u00e7erezleri her zaman engelleyebilir ya da daha \u00f6nce taray\u0131c\u0131n\u0131za kaydedilmi\u015f \u00e7erezleri silebilirsiniz. Ancak bunun internet sitemizdeki ziyaretinizi s\u0131n\u0131rland\u0131rabilece\u011fini belirtmek isteriz.&nbsp; \u0130nternet [&hellip;]<\/p>\n","protected":false},"author":1,"featured_media":0,"parent":0,"menu_order":0,"comment_status":"closed","ping_status":"closed","template":"","meta":{"footnotes":""},"class_list":["post-270","page","type-page","status-publish","hentry"],"_links":{"self":[{"href":"https:\/\/tansel.av.tr\/tr\/wp-json\/wp\/v2\/pages\/270","targetHints":{"allow":["GET"]}}],"collection":[{"href":"https:\/\/tansel.av.tr\/tr\/wp-json\/wp\/v2\/pages"}],"about":[{"href":"https:\/\/tansel.av.tr\/tr\/wp-json\/wp\/v2\/types\/page"}],"author":[{"embeddable":true,"href":"https:\/\/tansel.av.tr\/tr\/wp-json\/wp\/v2\/users\/1"}],"replies":[{"embeddable":true,"href":"https:\/\/tansel.av.tr\/tr\/wp-json\/wp\/v2\/comments?post=270"}],"version-history":[{"count":5,"href":"https:\/\/tansel.av.tr\/tr\/wp-json\/wp\/v2\/pages\/270\/revisions"}],"predecessor-version":[{"id":410,"href":"https:\/\/tansel.av.tr\/tr\/wp-json\/wp\/v2\/pages\/270\/revisions\/410"}],"wp:attachment":[{"href":"https:\/\/tansel.av.tr\/tr\/wp-json\/wp\/v2\/media?parent=270"}],"curies":[{"name":"wp","href":"https:\/\/api.w.org\/{rel}","templated":true}]}}