{"id":3,"date":"2021-06-13T20:26:27","date_gmt":"2021-06-13T17:26:27","guid":{"rendered":"http:\/\/tansel.av.tr\/?page_id=3"},"modified":"2021-10-25T15:27:24","modified_gmt":"2021-10-25T12:27:24","slug":"gizlilik-politikasi","status":"publish","type":"page","link":"https:\/\/tansel.av.tr\/tr\/gizlilik-politikasi\/","title":{"rendered":"Gizlilik politikas\u0131"},"content":{"rendered":"\n<p>\u0130nternet sitemizde mevcut bulunan ileti\u015fim formunu doldurman\u0131z veya di\u011fer ileti\u015fim ara\u00e7lar\u0131yla bize ula\u015fman\u0131z durumunda vermi\u015f oldu\u011funuz ki\u015fisel veriler (ad, soyad, e-posta adresi, telefon numaras\u0131, vb.), TANSEL taraf\u0131ndan, yaln\u0131zca sizinle ileti\u015fim kurmak ve i\u015f geli\u015ftirmek i\u00e7in toplanacak, saklanacak ve kullan\u0131lacakt\u0131r. Payla\u015fm\u0131\u015f oldu\u011funuz ki\u015fisel veriler TANSEL \u00e7al\u0131\u015fanlar\u0131 d\u0131\u015f\u0131nda \u00fc\u00e7\u00fcnc\u00fc ki\u015filer ile payla\u015f\u0131lmayacakt\u0131r.&nbsp;<\/p>\n","protected":false},"excerpt":{"rendered":"<p>\u0130nternet sitemizde mevcut bulunan ileti\u015fim formunu doldurman\u0131z veya di\u011fer ileti\u015fim ara\u00e7lar\u0131yla bize ula\u015fman\u0131z durumunda vermi\u015f oldu\u011funuz ki\u015fisel veriler (ad, soyad, e-posta adresi, telefon numaras\u0131, vb.), TANSEL taraf\u0131ndan, yaln\u0131zca sizinle ileti\u015fim kurmak ve i\u015f geli\u015ftirmek i\u00e7in toplanacak, saklanacak ve kullan\u0131lacakt\u0131r. Payla\u015fm\u0131\u015f oldu\u011funuz ki\u015fisel veriler TANSEL \u00e7al\u0131\u015fanlar\u0131 d\u0131\u015f\u0131nda \u00fc\u00e7\u00fcnc\u00fc ki\u015filer ile payla\u015f\u0131lmayacakt\u0131r.&nbsp;<\/p>\n","protected":false},"author":1,"featured_media":0,"parent":0,"menu_order":0,"comment_status":"closed","ping_status":"open","template":"","meta":{"footnotes":""},"class_list":["post-3","page","type-page","status-publish","hentry"],"_links":{"self":[{"href":"https:\/\/tansel.av.tr\/tr\/wp-json\/wp\/v2\/pages\/3","targetHints":{"allow":["GET"]}}],"collection":[{"href":"https:\/\/tansel.av.tr\/tr\/wp-json\/wp\/v2\/pages"}],"about":[{"href":"https:\/\/tansel.av.tr\/tr\/wp-json\/wp\/v2\/types\/page"}],"author":[{"embeddable":true,"href":"https:\/\/tansel.av.tr\/tr\/wp-json\/wp\/v2\/users\/1"}],"replies":[{"embeddable":true,"href":"https:\/\/tansel.av.tr\/tr\/wp-json\/wp\/v2\/comments?post=3"}],"version-history":[{"count":2,"href":"https:\/\/tansel.av.tr\/tr\/wp-json\/wp\/v2\/pages\/3\/revisions"}],"predecessor-version":[{"id":403,"href":"https:\/\/tansel.av.tr\/tr\/wp-json\/wp\/v2\/pages\/3\/revisions\/403"}],"wp:attachment":[{"href":"https:\/\/tansel.av.tr\/tr\/wp-json\/wp\/v2\/media?parent=3"}],"curies":[{"name":"wp","href":"https:\/\/api.w.org\/{rel}","templated":true}]}}