{"id":401,"date":"2021-10-25T15:25:56","date_gmt":"2021-10-25T12:25:56","guid":{"rendered":"https:\/\/tansel.av.tr\/legal-disclaimer\/"},"modified":"2021-10-25T15:26:45","modified_gmt":"2021-10-25T12:26:45","slug":"yasal-uyari","status":"publish","type":"page","link":"https:\/\/tansel.av.tr\/tr\/yasal-uyari\/","title":{"rendered":"Yasal Uyar\u0131"},"content":{"rendered":"\n<p>Bu internet sitesinde yer alan ya da di\u011fer bir internet sitesinin ba\u011flant\u0131s\u0131 \u00fczerinden sunulan bilgi ve materyaller (Materyaller), TANSEL taraf\u0131ndan yaln\u0131zca bilgilendirme amac\u0131yla haz\u0131rlanm\u0131\u015f olup, dan\u0131\u015fmanl\u0131k hizmeti sunmay\u0131 veya avukat-m\u00fcvekkil ili\u015fkisi tesis etmeyi ama\u00e7lamamaktad\u0131r. Materyaller, y\u00fcr\u00fcrl\u00fckte olan yasal d\u00fczenlemelerin son halini yans\u0131tmayabilece\u011finden ziyaret\u00e7iler bu bilgilere dayanarak hareket etmemelidir. Materyaller, TANSEL\u2019in izni olmad\u0131k\u00e7a kullan\u0131lamaz, \u00e7o\u011falt\u0131lamaz ve yay\u0131nlanamaz.&nbsp;<\/p>\n\n\n\n<p>Bu internet sitesi Avukatl\u0131k Meslek Kurallar\u0131na uygun olarak haz\u0131rlanm\u0131\u015f olup, reklam amac\u0131yla veya i\u015f elde etme amac\u0131yla kullan\u0131lamaz.<\/p>\n","protected":false},"excerpt":{"rendered":"<p>Bu internet sitesinde yer alan ya da di\u011fer bir internet sitesinin ba\u011flant\u0131s\u0131 \u00fczerinden sunulan bilgi ve materyaller (Materyaller), TANSEL taraf\u0131ndan yaln\u0131zca bilgilendirme amac\u0131yla haz\u0131rlanm\u0131\u015f olup, dan\u0131\u015fmanl\u0131k hizmeti sunmay\u0131 veya avukat-m\u00fcvekkil ili\u015fkisi tesis etmeyi ama\u00e7lamamaktad\u0131r. Materyaller, y\u00fcr\u00fcrl\u00fckte olan yasal d\u00fczenlemelerin son halini yans\u0131tmayabilece\u011finden ziyaret\u00e7iler bu bilgilere dayanarak hareket etmemelidir. Materyaller, TANSEL\u2019in izni olmad\u0131k\u00e7a kullan\u0131lamaz, \u00e7o\u011falt\u0131lamaz ve yay\u0131nlanamaz.&nbsp; Bu internet sitesi Avukatl\u0131k Meslek Kurallar\u0131na uygun olarak haz\u0131rlanm\u0131\u015f olup, reklam amac\u0131yla veya i\u015f elde etme amac\u0131yla kullan\u0131lamaz.<\/p>\n","protected":false},"author":1,"featured_media":0,"parent":0,"menu_order":0,"comment_status":"closed","ping_status":"closed","template":"","meta":{"footnotes":""},"class_list":["post-401","page","type-page","status-publish","hentry"],"_links":{"self":[{"href":"https:\/\/tansel.av.tr\/tr\/wp-json\/wp\/v2\/pages\/401","targetHints":{"allow":["GET"]}}],"collection":[{"href":"https:\/\/tansel.av.tr\/tr\/wp-json\/wp\/v2\/pages"}],"about":[{"href":"https:\/\/tansel.av.tr\/tr\/wp-json\/wp\/v2\/types\/page"}],"author":[{"embeddable":true,"href":"https:\/\/tansel.av.tr\/tr\/wp-json\/wp\/v2\/users\/1"}],"replies":[{"embeddable":true,"href":"https:\/\/tansel.av.tr\/tr\/wp-json\/wp\/v2\/comments?post=401"}],"version-history":[{"count":1,"href":"https:\/\/tansel.av.tr\/tr\/wp-json\/wp\/v2\/pages\/401\/revisions"}],"predecessor-version":[{"id":402,"href":"https:\/\/tansel.av.tr\/tr\/wp-json\/wp\/v2\/pages\/401\/revisions\/402"}],"wp:attachment":[{"href":"https:\/\/tansel.av.tr\/tr\/wp-json\/wp\/v2\/media?parent=401"}],"curies":[{"name":"wp","href":"https:\/\/api.w.org\/{rel}","templated":true}]}}