{"id":77,"date":"2021-06-14T10:41:06","date_gmt":"2021-06-14T07:41:06","guid":{"rendered":"http:\/\/tansel.av.tr\/?page_id=77"},"modified":"2021-06-17T20:15:07","modified_gmt":"2021-06-17T17:15:07","slug":"hakkimizda","status":"publish","type":"page","link":"https:\/\/tansel.av.tr\/tr\/hakkimizda\/","title":{"rendered":"Hakk\u0131m\u0131zda"},"content":{"rendered":"\n<div class=\"wp-block-columns is-layout-flex wp-container-core-columns-is-layout-9d6595d7 wp-block-columns-is-layout-flex\">\n<div class=\"wp-block-column is-layout-flow wp-block-column-is-layout-flow\">\n<figure class=\"wp-block-image size-large rounded\"><img loading=\"lazy\" decoding=\"async\" width=\"1007\" height=\"767\" src=\"http:\/\/tansel.av.tr\/wp-content\/uploads\/2021\/06\/tanselkurumsal.jpg\" alt=\"\" class=\"wp-image-127\" srcset=\"https:\/\/tansel.av.tr\/wp-content\/uploads\/2021\/06\/tanselkurumsal.jpg 1007w, https:\/\/tansel.av.tr\/wp-content\/uploads\/2021\/06\/tanselkurumsal-300x229.jpg 300w, https:\/\/tansel.av.tr\/wp-content\/uploads\/2021\/06\/tanselkurumsal-768x585.jpg 768w\" sizes=\"auto, (max-width: 1007px) 100vw, 1007px\" \/><\/figure>\n<\/div>\n\n\n\n<div class=\"wp-block-column is-layout-flow wp-block-column-is-layout-flow\">\n<p>TANSEL, T\u00fcrkiye\u2019de ve yurtd\u0131\u015f\u0131nda hukuki dan\u0131\u015fmanl\u0131k ve hukuk y\u00f6netimi hizmetleri veren butik bir dan\u0131\u015fmanl\u0131k ve avukatl\u0131k hizmetleri b\u00fcrosudur.<\/p>\n\n\n\n<p>\u0130\u015f ortaklar\u0131m\u0131z ve profesyonel a\u011f\u0131m\u0131z sayesinde T\u00fcrkiye\u2019nin yan\u0131 s\u0131ra \u0130ngiltere, \u0130svi\u00e7re, Malta ve Dubai ba\u015fta olmak \u00fczere, yurtd\u0131\u015f\u0131nda da m\u00fcvekkillerimize hukuk, finans ve vergi hizmetleri sunmaktay\u0131z.<\/p>\n\n\n\n<p>Hizmet modelimiz, odaklan\u0131lan sekt\u00f6rlerde ve hukuki alanlarda, ortak avukat ve k\u0131demli avukat seviyesinde yak\u0131n bir ileti\u015fim ile ihtiya\u00e7lara uygun esnek \u00e7al\u0131\u015fma modellerinde hizmet verilmesidir.<\/p>\n\n\n\n<p>TANSEL, ortak avukatlar\u0131n\u0131n T\u00fcrkiye\u2019nin \u00f6nde gelen hukuki dan\u0131\u015fmanl\u0131k b\u00fcrolar\u0131 ile yabanc\u0131 ve yerli sermayeli lider finans ve reel sekt\u00f6r \u015firketlerinde edindikleri \u015firket avukatl\u0131\u011f\u0131 ve hukuk departman\u0131 y\u00f6neticili\u011fi tecr\u00fcbelerini harmanlamas\u0131 sonucunda m\u00fcvekkillerine somut, anla\u015f\u0131l\u0131r, pratik ve piyasa uygulamalar\u0131na uygun hukuki ve kurumsal \u00e7\u00f6z\u00fcmler sunmaktad\u0131r.<\/p>\n<\/div>\n<\/div>\n","protected":false},"excerpt":{"rendered":"<p>TANSEL, T\u00fcrkiye\u2019de ve yurtd\u0131\u015f\u0131nda hukuki dan\u0131\u015fmanl\u0131k ve hukuk y\u00f6netimi hizmetleri veren butik bir dan\u0131\u015fmanl\u0131k ve avukatl\u0131k hizmetleri b\u00fcrosudur. \u0130\u015f ortaklar\u0131m\u0131z ve profesyonel a\u011f\u0131m\u0131z sayesinde T\u00fcrkiye\u2019nin yan\u0131 s\u0131ra \u0130ngiltere, \u0130svi\u00e7re, Malta ve Dubai ba\u015fta olmak \u00fczere, yurtd\u0131\u015f\u0131nda da m\u00fcvekkillerimize hukuk, finans ve vergi hizmetleri sunmaktay\u0131z. Hizmet modelimiz, odaklan\u0131lan sekt\u00f6rlerde ve hukuki alanlarda, ortak avukat ve k\u0131demli avukat seviyesinde yak\u0131n bir ileti\u015fim ile ihtiya\u00e7lara uygun esnek \u00e7al\u0131\u015fma modellerinde hizmet verilmesidir. TANSEL, ortak avukatlar\u0131n\u0131n T\u00fcrkiye\u2019nin \u00f6nde gelen hukuki dan\u0131\u015fmanl\u0131k b\u00fcrolar\u0131 ile yabanc\u0131 ve yerli sermayeli lider finans ve reel sekt\u00f6r \u015firketlerinde edindikleri \u015firket avukatl\u0131\u011f\u0131 ve hukuk departman\u0131 y\u00f6neticili\u011fi tecr\u00fcbelerini harmanlamas\u0131 sonucunda m\u00fcvekkillerine somut, [&hellip;]<\/p>\n","protected":false},"author":1,"featured_media":0,"parent":0,"menu_order":0,"comment_status":"closed","ping_status":"closed","template":"","meta":{"footnotes":""},"class_list":["post-77","page","type-page","status-publish","hentry"],"_links":{"self":[{"href":"https:\/\/tansel.av.tr\/tr\/wp-json\/wp\/v2\/pages\/77","targetHints":{"allow":["GET"]}}],"collection":[{"href":"https:\/\/tansel.av.tr\/tr\/wp-json\/wp\/v2\/pages"}],"about":[{"href":"https:\/\/tansel.av.tr\/tr\/wp-json\/wp\/v2\/types\/page"}],"author":[{"embeddable":true,"href":"https:\/\/tansel.av.tr\/tr\/wp-json\/wp\/v2\/users\/1"}],"replies":[{"embeddable":true,"href":"https:\/\/tansel.av.tr\/tr\/wp-json\/wp\/v2\/comments?post=77"}],"version-history":[{"count":4,"href":"https:\/\/tansel.av.tr\/tr\/wp-json\/wp\/v2\/pages\/77\/revisions"}],"predecessor-version":[{"id":129,"href":"https:\/\/tansel.av.tr\/tr\/wp-json\/wp\/v2\/pages\/77\/revisions\/129"}],"wp:attachment":[{"href":"https:\/\/tansel.av.tr\/tr\/wp-json\/wp\/v2\/media?parent=77"}],"curies":[{"name":"wp","href":"https:\/\/api.w.org\/{rel}","templated":true}]}}