{"id":81,"date":"2021-06-14T10:42:51","date_gmt":"2021-06-14T07:42:51","guid":{"rendered":"http:\/\/tansel.av.tr\/?page_id=81"},"modified":"2021-06-14T10:48:25","modified_gmt":"2021-06-14T07:48:25","slug":"ortaklar","status":"publish","type":"page","link":"https:\/\/tansel.av.tr\/tr\/ortaklar\/","title":{"rendered":"Ortaklar"},"content":{"rendered":"\n<div class=\"wp-block-columns is-layout-flex wp-container-core-columns-is-layout-9d6595d7 wp-block-columns-is-layout-flex\">\n<div class=\"wp-block-column is-layout-flow wp-block-column-is-layout-flow\" style=\"flex-basis:33.33%\">\n<figure class=\"wp-block-image size-large\"><img loading=\"lazy\" decoding=\"async\" width=\"481\" height=\"694\" src=\"http:\/\/tansel.av.tr\/wp-content\/uploads\/2021\/06\/img29.jpg\" alt=\"\" class=\"wp-image-70\" srcset=\"https:\/\/tansel.av.tr\/wp-content\/uploads\/2021\/06\/img29.jpg 481w, https:\/\/tansel.av.tr\/wp-content\/uploads\/2021\/06\/img29-208x300.jpg 208w\" sizes=\"auto, (max-width: 481px) 100vw, 481px\" \/><\/figure>\n<\/div>\n\n\n\n<div class=\"wp-block-column is-layout-flow wp-block-column-is-layout-flow\" style=\"flex-basis:66.66%\">\n<h2 class=\"wp-block-heading\"><strong>Av. \u00c7a\u011fhan Tansel<\/strong><\/h2>\n\n\n\n<p>\u00c7a\u011fhan Tansel, T\u00fcrkiye\u2019nin uluslararas\u0131 alanda \u00e7al\u0131\u015fan \u00f6nde gelen bir hukuk b\u00fcrosunun Genel Kurumsal Dan\u0131\u015fmanl\u0131k, Uyu\u015fmazl\u0131k \u00c7\u00f6z\u00fcm\u00fc &amp; Davalar ve Gayrimenkul departmanlar\u0131nda \u00e7al\u0131\u015fm\u0131\u015f, sonras\u0131nda s\u0131ras\u0131yla \u015firket avukat\u0131, ba\u015f hukuk m\u00fc\u015faviri, y\u00f6netici hukuk m\u00fc\u015faviri ve b\u00f6lgesel k\u0131demli hukuk m\u00fc\u015faviri olarak \u0130ngiltere ve Amerika merkezli global \u015firketlerde yerel ve b\u00f6lgesel g\u00f6revler alm\u0131\u015ft\u0131r.<\/p>\n\n\n\n<p>Bu \u00e7al\u0131\u015fmalar\u0131 s\u0131ras\u0131nda, T\u00fcrkiye\u2019nin yan\u0131 s\u0131ra, Avrupa-Orta Do\u011fu-Afrika, Latin Amerika, Asya-Pasifik b\u00f6lgeleri i\u00e7erisinde hukuk operasyonlar\u0131n\u0131 y\u00f6netmi\u015ftir.<\/p>\n\n\n\n<p>The Legal 500 taraf\u0131ndan 2015 y\u0131l\u0131nda d\u00fczenlenen T\u00fcrkiye\u2019nin 50 Ba\u015f Hukuk M\u00fc\u015faviri listesinde yer alan \u00c7a\u011fhan Tansel, lisans e\u011fitimini \u0130stanbul \u00dcniversitesi Hukuk Fak\u00fcltesi\u2019nde alm\u0131\u015ft\u0131r. \u0130ngilizce bilmektedir.<\/p>\n\n\n\n<p>\u00c7a\u011fhan Tansel\u2019in uzmanl\u0131k alanlar\u0131 Blok Zincir Uygulamalar\u0131, Kripto Paralar, Yapay Zeka uygulamalar\u0131, E-ticaret, Finansal Teknolojiler, H\u0131zl\u0131 T\u00fcketim &amp; Perakende, Ticaret Hukuku, Birle\u015fme &amp; Devralmalard\u0131r. &nbsp;<\/p>\n<\/div>\n<\/div>\n\n\n\n<div class=\"wp-block-columns is-layout-flex wp-container-core-columns-is-layout-9d6595d7 wp-block-columns-is-layout-flex\">\n<div class=\"wp-block-column is-layout-flow wp-block-column-is-layout-flow\" style=\"flex-basis:33.33%\">\n<figure class=\"wp-block-image size-large\"><img loading=\"lazy\" decoding=\"async\" width=\"481\" height=\"694\" src=\"http:\/\/tansel.av.tr\/wp-content\/uploads\/2021\/06\/img28.jpg\" alt=\"\" class=\"wp-image-75\" srcset=\"https:\/\/tansel.av.tr\/wp-content\/uploads\/2021\/06\/img28.jpg 481w, https:\/\/tansel.av.tr\/wp-content\/uploads\/2021\/06\/img28-208x300.jpg 208w\" sizes=\"auto, (max-width: 481px) 100vw, 481px\" \/><\/figure>\n<\/div>\n\n\n\n<div class=\"wp-block-column is-layout-flow wp-block-column-is-layout-flow\" style=\"flex-basis:66.66%\">\n<h2 class=\"wp-block-heading\"><strong>Av. M\u00fcge Tansel, LL.M<\/strong><\/h2>\n\n\n\n<p>M\u00fcge Tansel, T\u00fcrkiye\u2019nin \u00f6nde gelen hukuk b\u00fcrolar\u0131n\u0131n Banka &amp; Finans departman\u0131nda ve Birle\u015fme &amp; Devralmalar projelerinde avukat olarak \u00e7al\u0131\u015fm\u0131\u015f, sonras\u0131nda Fiba Holding, Akbank, SOCAR T\u00fcrkiye Enerji ve bir SOCAR i\u015ftiraki olan Millenicom Telekom\u00fcnikasyon\u2019da k\u0131demli\/y\u00f6netici \u015firket avukat\u0131 olarak g\u00f6rev alm\u0131\u015ft\u0131r. T\u00fcrkiye\u2019de ger\u00e7ekle\u015ftirilmi\u015f b\u00fcy\u00fck \u00f6l\u00e7ekli proje finansmanlar\u0131, sendikasyonlar, sat\u0131n al\u0131m finansmanlar\u0131, tahvil ihra\u00e7lar\u0131, halka arzlar, \u00f6zelle\u015ftirmeler ve \u015firket sat\u0131\u015flar\u0131nda yerli ve yabanc\u0131 bankalar ve bor\u00e7lu \u015firketler ile sat\u0131c\u0131 ve al\u0131c\u0131 taraflar\u0131 temsil etmi\u015ftir.<\/p>\n\n\n\n<p>Lisans e\u011fitimini Ankara \u00dcniversitesi Hukuk Fak\u00fcltesi, Y\u00fcksek Lisans e\u011fitimini Amerika Birle\u015fik Devletleri\u2019nde UCLA School of Law\u2019da tamamlam\u0131\u015ft\u0131r. \u0130ngilizce bilmektedir.<\/p>\n\n\n\n<p>M\u00fcge Tansel\u2019in uzmanl\u0131k alanlar\u0131, Banka &amp; Finans, Birle\u015fme &amp; Devralmalar, Bor\u00e7 Yeniden Yap\u0131land\u0131rmalar\u0131, Sermaye Piyasalar\u0131 ve \u015eirketler Hukukudur.<\/p>\n<\/div>\n<\/div>\n","protected":false},"excerpt":{"rendered":"<p>Av. \u00c7a\u011fhan Tansel \u00c7a\u011fhan Tansel, T\u00fcrkiye\u2019nin uluslararas\u0131 alanda \u00e7al\u0131\u015fan \u00f6nde gelen bir hukuk b\u00fcrosunun Genel Kurumsal Dan\u0131\u015fmanl\u0131k, Uyu\u015fmazl\u0131k \u00c7\u00f6z\u00fcm\u00fc &amp; Davalar ve Gayrimenkul departmanlar\u0131nda \u00e7al\u0131\u015fm\u0131\u015f, sonras\u0131nda s\u0131ras\u0131yla \u015firket avukat\u0131, ba\u015f hukuk m\u00fc\u015faviri, y\u00f6netici hukuk m\u00fc\u015faviri ve b\u00f6lgesel k\u0131demli hukuk m\u00fc\u015faviri olarak \u0130ngiltere ve Amerika merkezli global \u015firketlerde yerel ve b\u00f6lgesel g\u00f6revler alm\u0131\u015ft\u0131r. Bu \u00e7al\u0131\u015fmalar\u0131 s\u0131ras\u0131nda, T\u00fcrkiye\u2019nin yan\u0131 s\u0131ra, Avrupa-Orta Do\u011fu-Afrika, Latin Amerika, Asya-Pasifik b\u00f6lgeleri i\u00e7erisinde hukuk operasyonlar\u0131n\u0131 y\u00f6netmi\u015ftir. The Legal 500 taraf\u0131ndan 2015 y\u0131l\u0131nda d\u00fczenlenen T\u00fcrkiye\u2019nin 50 Ba\u015f Hukuk M\u00fc\u015faviri listesinde yer alan \u00c7a\u011fhan Tansel, lisans e\u011fitimini \u0130stanbul \u00dcniversitesi Hukuk Fak\u00fcltesi\u2019nde alm\u0131\u015ft\u0131r. \u0130ngilizce bilmektedir. \u00c7a\u011fhan Tansel\u2019in uzmanl\u0131k alanlar\u0131 Blok Zincir [&hellip;]<\/p>\n","protected":false},"author":1,"featured_media":0,"parent":0,"menu_order":0,"comment_status":"closed","ping_status":"closed","template":"ortaklar.php","meta":{"footnotes":""},"class_list":["post-81","page","type-page","status-publish","hentry"],"_links":{"self":[{"href":"https:\/\/tansel.av.tr\/tr\/wp-json\/wp\/v2\/pages\/81","targetHints":{"allow":["GET"]}}],"collection":[{"href":"https:\/\/tansel.av.tr\/tr\/wp-json\/wp\/v2\/pages"}],"about":[{"href":"https:\/\/tansel.av.tr\/tr\/wp-json\/wp\/v2\/types\/page"}],"author":[{"embeddable":true,"href":"https:\/\/tansel.av.tr\/tr\/wp-json\/wp\/v2\/users\/1"}],"replies":[{"embeddable":true,"href":"https:\/\/tansel.av.tr\/tr\/wp-json\/wp\/v2\/comments?post=81"}],"version-history":[{"count":1,"href":"https:\/\/tansel.av.tr\/tr\/wp-json\/wp\/v2\/pages\/81\/revisions"}],"predecessor-version":[{"id":82,"href":"https:\/\/tansel.av.tr\/tr\/wp-json\/wp\/v2\/pages\/81\/revisions\/82"}],"wp:attachment":[{"href":"https:\/\/tansel.av.tr\/tr\/wp-json\/wp\/v2\/media?parent=81"}],"curies":[{"name":"wp","href":"https:\/\/api.w.org\/{rel}","templated":true}]}}